{"id":4193,"date":"2023-10-18T14:12:16","date_gmt":"2023-10-18T14:12:16","guid":{"rendered":"https:\/\/www.celaplatforms.com\/servizi\/"},"modified":"2025-06-16T10:23:51","modified_gmt":"2025-06-16T10:23:51","slug":"servizi","status":"publish","type":"page","link":"https:\/\/www.celaplatforms.com\/it\/servizi\/","title":{"rendered":"SERVIZI"},"content":{"rendered":"<div class=\"wpb-content-wrapper\"><p>[vc_row section_type=&#8221;fullwidth&#8221; padding_top_multiplier=&#8221;&#8221; padding_bottom_multiplier=&#8221;&#8221; columns_gap=&#8221;none&#8221; equal_column_height=&#8221;middle-content&#8221; margin_bottom=&#8221;0&#8243;][vc_column vertical_content_position=&#8221;middle&#8221; width=&#8221;1\/2&#8243; css=&#8221;.vc_custom_1750069407996{padding-right: 10% !important;padding-left: 10% !important;background-image: url(https:\/\/www.celaplatforms.com\/wp-content\/uploads\/2023\/10\/AdobeStock_389218365.jpg?id=4000) !important;background-position: center !important;background-repeat: no-repeat !important;background-size: cover !important;}&#8221;]<div class=\"grve-empty-space grve-height-3x\" style=\"\"><\/div>[vc_custom_heading text=&#8221;CELA<br \/>\nSistema di<br \/>\nMonitoraggio&#8221; font_container=&#8221;tag:h1|font_size:80|text_align:left|color:%23c83f27|line_height:1&#8243; use_theme_fonts=&#8221;yes&#8221; css_animation=&#8221;left-to-right&#8221; css=&#8221;.vc_custom_1698159887656{padding-bottom: 20px !important;}&#8221;]<div class=\"grve-empty-space grve-height-1x\" style=\"\"><\/div>[vc_column_text]<span style=\"color: #ffffff;\">Da Cela, siamo orgogliosi di offrire una soluzione innovativa che migliora la tua esperienza con le nostre macchine: il Sistema di Monitoraggio Cela. Questo software all&#8217;avanguardia permette sia ai nostri affidabili distributori che ai nostri preziosi clienti di avere un controllo completo e in tempo reale e di gestire i nostri macchinari da remoto.<\/span>[\/vc_column_text]<div class=\"grve-empty-space grve-height-2x\" style=\"\"><\/div>[vc_row_inner][vc_column_inner width=&#8221;1\/4&#8243;]<div class=\"grve-element grve-single-icon grve-align-left grve-extra-large\" style=\"\">  <div class=\"grve-wrapper-icon grve-no-shape\" style=\"\"><i class=\"smp-icon-feed grve-text-primary-1\"><\/i><\/div><\/div><div class=\"grve-empty-space grve-height-1x\" style=\"\"><\/div>[\/vc_column_inner][vc_column_inner width=&#8221;3\/4&#8243;]<div class=\"grve-element grve-align-left\"><a href=\"https:\/\/cela.forindustry4.com\/\" target=\"_blank\" rel=\"noopener noreferrer\" class=\"grve-btn grve-btn-medium grve-shadow-medium grve-extra-round grve-bg-primary-1 grve-bg-hover-primary-3\"><span>Cela Monitoring System<\/span><\/a><\/div>[\/vc_column_inner][\/vc_row_inner]<div class=\"grve-empty-space grve-height-3x\" style=\"\"><\/div>[\/vc_column][vc_column width=&#8221;1\/2&#8243; css=&#8221;.vc_custom_1697462006922{padding-right: 10% !important;padding-left: 10% !important;}&#8221;]<div class=\"grve-empty-space grve-height-3x\" style=\"\"><\/div>[vc_custom_heading text=&#8221;QUESTO TI CONSENTE DI:&#8221; font_container=&#8221;tag:h1|font_size:50|text_align:left|color:%23c83f27|line_height:1&#8243; use_theme_fonts=&#8221;yes&#8221; css_animation=&#8221;left-to-right&#8221; css=&#8221;.vc_custom_1698159997836{padding-bottom: 20px !important;}&#8221;]<div class=\"grve-empty-space grve-height-1x\" style=\"\"><\/div><div class=\"grve-element grve-box-icon grve-small grve-side-icon grve-align-left\" style=\"\"><div class=\"grve-wrapper-icon grve-no-shape\" style=\"\"><i class=\"grve-text-primary-1 smp-icon-arrow-right\"><\/i><\/div><div class=\"grve-box-content\"><div class=\"grve-box-title-wrapper\"><h4 class=\"grve-box-title grve-h2\">Geolocalizzare con Precisione:<\/h4><\/div>  <p class=\"\">Conoscere l&#8217;esatta posizione della tua macchina sul campo.<\/p><\/div><\/div><div class=\"grve-empty-space grve-height-1x\" style=\"\"><\/div><div class=\"grve-element grve-box-icon grve-small grve-side-icon grve-align-left\" style=\"\"><div class=\"grve-wrapper-icon grve-no-shape\" style=\"\"><i class=\"grve-text-primary-1 smp-icon-arrow-right\"><\/i><\/div><div class=\"grve-box-content\"><div class=\"grve-box-title-wrapper\"><h4 class=\"grve-box-title grve-h2\">Configurazione Remota:<\/h4><\/div>  <p class=\"\">Modificare impostazioni e parametri per macchine specifiche da qualsiasi luogo.<\/p><\/div><\/div><div class=\"grve-empty-space grve-height-1x\" style=\"\"><\/div><div class=\"grve-element grve-box-icon grve-small grve-side-icon grve-align-left\" style=\"\"><div class=\"grve-wrapper-icon grve-no-shape\" style=\"\"><i class=\"grve-text-primary-1 smp-icon-arrow-right\"><\/i><\/div><div class=\"grve-box-content\"><div class=\"grve-box-title-wrapper\"><h4 class=\"grve-box-title grve-h2\">Telemetria in Tempo Reale:<\/h4><\/div>  <p class=\"\">Monitorare dati live e prestazioni della macchina.<\/p><\/div><\/div><div class=\"grve-empty-space grve-height-1x\" style=\"\"><\/div><div class=\"grve-element grve-box-icon grve-small grve-side-icon grve-align-left\" style=\"\"><div class=\"grve-wrapper-icon grve-no-shape\" style=\"\"><i class=\"grve-text-primary-1 smp-icon-arrow-right\"><\/i><\/div><div class=\"grve-box-content\"><div class=\"grve-box-title-wrapper\"><h4 class=\"grve-box-title grve-h2\">Dati Storici:<\/h4><\/div>  <p class=\"\">Accedere alla cronologia completa dell&#8217;uso della macchina.<\/p><\/div><\/div><div class=\"grve-empty-space grve-height-1x\" style=\"\"><\/div><div class=\"grve-element grve-box-icon grve-small grve-side-icon grve-align-left\" style=\"\"><div class=\"grve-wrapper-icon grve-no-shape\" style=\"\"><i class=\"grve-text-primary-1 smp-icon-arrow-right\"><\/i><\/div><div class=\"grve-box-content\"><div class=\"grve-box-title-wrapper\"><h4 class=\"grve-box-title grve-h2\">Registri delle Sessioni:<\/h4><\/div>  <p class=\"\">Tenere traccia efficientemente delle sessioni di lavoro.<\/p><\/div><\/div><div class=\"grve-empty-space grve-height-1x\" style=\"\"><\/div><div class=\"grve-element grve-box-icon grve-small grve-side-icon grve-align-left\" style=\"\"><div class=\"grve-wrapper-icon grve-no-shape\" style=\"\"><i class=\"grve-text-primary-1 smp-icon-arrow-right\"><\/i><\/div><div class=\"grve-box-content\"><div class=\"grve-box-title-wrapper\"><h4 class=\"grve-box-title grve-h2\">Diagnostica degli Errori:<\/h4><\/div>  <p class=\"\">Identificare e risolvere rapidamente eventuali problemi.<\/p><\/div><\/div><div class=\"grve-empty-space grve-height-3x\" style=\"\"><\/div>[\/vc_column][\/vc_row][vc_row heading_color=&#8221;primary-1&#8243; section_type=&#8221;fullwidth&#8221; bg_type=&#8221;image&#8221; bg_image=&#8221;121&#8243; bg_image_type=&#8221;horizontal-parallax-lr&#8221; padding_top_multiplier=&#8221;&#8221; padding_bottom_multiplier=&#8221;&#8221; columns_gap=&#8221;none&#8221; equal_column_height=&#8221;middle-content&#8221; font_color=&#8221;#ffffff&#8221; margin_bottom=&#8221;1px&#8221; section_id=&#8221;logo-bg&#8221;][vc_column width=&#8221;1\/2&#8243; css=&#8221;.vc_custom_1697464720474{padding-right: 10% !important;padding-left: 10% !important;}&#8221;]<div class=\"grve-empty-space grve-height-4x\" style=\"\"><\/div>[vc_custom_heading text=&#8221;Supporto<br \/>\nTecnico&#8221; font_container=&#8221;tag:h1|font_size:80|text_align:left|color:%23c83f27|line_height:1&#8243; use_theme_fonts=&#8221;yes&#8221; css_animation=&#8221;left-to-right&#8221; css=&#8221;.vc_custom_1698160214750{padding-bottom: 20px !important;}&#8221;]<div class=\"grve-empty-space grve-height-1x\" style=\"\"><\/div>[vc_column_text]Una piattaforma aerea \u00e8 un investimento a lungo termine e necessita di monitoraggio e manutenzione. Con molti anni di esperienza, il dipartimento di Assistenza Post Vendita di Cela \u00e8 il tuo partner nel mantenere sia <b>la costante domanda di<\/b> <b>pezzi di ricambio<\/b> provenienti dalla sede principale e distribuiti nella nostra estesa rete internazionale di servizi, <b>sia nell&#8217;assicurare che il personale di servizio dei nostri concessionari<\/b> sia competente abbastanza da fornire assistenza dedicata ai clienti finali nella risoluzione dei problemi e nella diagnosi di qualsiasi problematica. Il dipartimento di assistenza post vendita di Cela \u00e8 progettato per massimizzare l&#8217;efficienza e prevenire tempi di inattivit\u00e0 non pianificati e non necessari per tutti i proprietari di piattaforme Cela. Garantir\u00e0 che la piattaforma aerea che vendi continui a funzionare durante tutta la sua vita utile con la stessa affidabilit\u00e0 del giorno in cui \u00e8 stata acquistata.[\/vc_column_text]<div class=\"grve-empty-space grve-height-4x\" style=\"\"><\/div>[\/vc_column][vc_column width=&#8221;1\/2&#8243; mobile_width=&#8221;hide&#8221; css=&#8221;.vc_custom_1750069429630{background-image: url(https:\/\/www.celaplatforms.com\/wp-content\/uploads\/2023\/11\/customer-service-3.jpg?id=4032) !important;background-position: center !important;background-repeat: no-repeat !important;background-size: cover !important;}&#8221; el_class=&#8221;bg-customer-care&#8221; el_id=&#8221;customer-bg&#8221;][\/vc_column][\/vc_row]<\/p>\n<\/div>","protected":false},"excerpt":{"rendered":"<p>[vc_row section_type=&#8221;fullwidth&#8221; padding_top_multiplier=&#8221;&#8221; padding_bottom_multiplier=&#8221;&#8221; columns_gap=&#8221;none&#8221; equal_column_height=&#8221;middle-content&#8221; margin_bottom=&#8221;0&#8243;][vc_column vertical_content_position=&#8221;middle&#8221; width=&#8221;1\/2&#8243; css=&#8221;.vc_custom_1750069407996{padding-right: 10% !important;padding-left: 10% !important;background-image: url(https:\/\/www.celaplatforms.com\/wp-content\/uploads\/2023\/10\/AdobeStock_389218365.jpg?id=4000) !important;background-position: center !important;background-repeat: no-repeat !important;background-size: cover !important;}&#8221;][vc_custom_heading text=&#8221;CELA Sistema di Monitoraggio&#8221; font_container=&#8221;tag:h1|font_size:80|text_align:left|color:%23c83f27|line_height:1&#8243; use_theme_fonts=&#8221;yes&#8221; css_animation=&#8221;left-to-right&#8221; css=&#8221;.vc_custom_1698159887656{padding-bottom: 20px !important;}&#8221;][vc_column_text]Da Cela, siamo orgogliosi di offrire una soluzione innovativa che migliora la tua esperienza con le nostre macchine: il Sistema di Monitoraggio Cela. Questo [&hellip;]<\/p>\n","protected":false},"author":1,"featured_media":0,"parent":0,"menu_order":0,"comment_status":"closed","ping_status":"open","template":"","meta":{"footnotes":""},"class_list":["post-4193","page","type-page","status-publish","hentry"],"yoast_head":"<!-- This site is optimized with the Yoast SEO plugin v26.5 - https:\/\/yoast.com\/wordpress\/plugins\/seo\/ -->\n<title>SERVIZI - Cela<\/title>\n<meta name=\"description\" content=\"Da Cela, siamo orgogliosi di offrire una soluzione innovativa che migliora la tua esperienza con le nostre macchine: il Sistema di Monitoraggio Cela.\" \/>\n<meta name=\"robots\" content=\"index, follow, max-snippet:-1, max-image-preview:large, max-video-preview:-1\" \/>\n<link rel=\"canonical\" href=\"https:\/\/www.celaplatforms.com\/it\/servizi\/\" \/>\n<meta property=\"og:locale\" content=\"it_IT\" \/>\n<meta property=\"og:type\" content=\"article\" \/>\n<meta property=\"og:title\" content=\"SERVIZI - Cela\" \/>\n<meta property=\"og:description\" content=\"Da Cela, siamo orgogliosi di offrire una soluzione innovativa che migliora la tua esperienza con le nostre macchine: il Sistema di Monitoraggio Cela.\" \/>\n<meta property=\"og:url\" content=\"https:\/\/www.celaplatforms.com\/it\/servizi\/\" \/>\n<meta property=\"og:site_name\" content=\"Cela\" \/>\n<meta property=\"article:modified_time\" content=\"2025-06-16T10:23:51+00:00\" \/>\n<meta name=\"twitter:card\" content=\"summary_large_image\" \/>\n<meta name=\"twitter:label1\" content=\"Tempo di lettura stimato\" \/>\n\t<meta name=\"twitter:data1\" content=\"2 minuti\" \/>\n<script type=\"application\/ld+json\" class=\"yoast-schema-graph\">{\"@context\":\"https:\/\/schema.org\",\"@graph\":[{\"@type\":\"WebPage\",\"@id\":\"https:\/\/www.celaplatforms.com\/it\/servizi\/\",\"url\":\"https:\/\/www.celaplatforms.com\/it\/servizi\/\",\"name\":\"SERVIZI - Cela\",\"isPartOf\":{\"@id\":\"https:\/\/www.celaplatforms.com\/it\/#website\"},\"datePublished\":\"2023-10-18T14:12:16+00:00\",\"dateModified\":\"2025-06-16T10:23:51+00:00\",\"description\":\"Da Cela, siamo orgogliosi di offrire una soluzione innovativa che migliora la tua esperienza con le nostre macchine: il Sistema di Monitoraggio Cela.\",\"breadcrumb\":{\"@id\":\"https:\/\/www.celaplatforms.com\/it\/servizi\/#breadcrumb\"},\"inLanguage\":\"it-IT\",\"potentialAction\":[{\"@type\":\"ReadAction\",\"target\":[\"https:\/\/www.celaplatforms.com\/it\/servizi\/\"]}]},{\"@type\":\"BreadcrumbList\",\"@id\":\"https:\/\/www.celaplatforms.com\/it\/servizi\/#breadcrumb\",\"itemListElement\":[{\"@type\":\"ListItem\",\"position\":1,\"name\":\"Home\",\"item\":\"https:\/\/www.celaplatforms.com\/it\/\"},{\"@type\":\"ListItem\",\"position\":2,\"name\":\"SERVIZI\"}]},{\"@type\":\"WebSite\",\"@id\":\"https:\/\/www.celaplatforms.com\/it\/#website\",\"url\":\"https:\/\/www.celaplatforms.com\/it\/\",\"name\":\"Cela\",\"description\":\"Global supplier of aerial platforms\",\"publisher\":{\"@id\":\"https:\/\/www.celaplatforms.com\/it\/#organization\"},\"potentialAction\":[{\"@type\":\"SearchAction\",\"target\":{\"@type\":\"EntryPoint\",\"urlTemplate\":\"https:\/\/www.celaplatforms.com\/it\/?s={search_term_string}\"},\"query-input\":{\"@type\":\"PropertyValueSpecification\",\"valueRequired\":true,\"valueName\":\"search_term_string\"}}],\"inLanguage\":\"it-IT\"},{\"@type\":\"Organization\",\"@id\":\"https:\/\/www.celaplatforms.com\/it\/#organization\",\"name\":\"Cela Srl\",\"url\":\"https:\/\/www.celaplatforms.com\/it\/\",\"logo\":{\"@type\":\"ImageObject\",\"inLanguage\":\"it-IT\",\"@id\":\"https:\/\/www.celaplatforms.com\/it\/#\/schema\/logo\/image\/\",\"url\":\"https:\/\/1212.agency\/cela2\/wp-content\/uploads\/2023\/07\/CELA1.png\",\"contentUrl\":\"https:\/\/1212.agency\/cela2\/wp-content\/uploads\/2023\/07\/CELA1.png\",\"width\":4204,\"height\":689,\"caption\":\"Cela Srl\"},\"image\":{\"@id\":\"https:\/\/www.celaplatforms.com\/it\/#\/schema\/logo\/image\/\"}}]}<\/script>\n<!-- \/ Yoast SEO plugin. -->","yoast_head_json":{"title":"SERVIZI - Cela","description":"Da Cela, siamo orgogliosi di offrire una soluzione innovativa che migliora la tua esperienza con le nostre macchine: il Sistema di Monitoraggio Cela.","robots":{"index":"index","follow":"follow","max-snippet":"max-snippet:-1","max-image-preview":"max-image-preview:large","max-video-preview":"max-video-preview:-1"},"canonical":"https:\/\/www.celaplatforms.com\/it\/servizi\/","og_locale":"it_IT","og_type":"article","og_title":"SERVIZI - Cela","og_description":"Da Cela, siamo orgogliosi di offrire una soluzione innovativa che migliora la tua esperienza con le nostre macchine: il Sistema di Monitoraggio Cela.","og_url":"https:\/\/www.celaplatforms.com\/it\/servizi\/","og_site_name":"Cela","article_modified_time":"2025-06-16T10:23:51+00:00","twitter_card":"summary_large_image","twitter_misc":{"Tempo di lettura stimato":"2 minuti"},"schema":{"@context":"https:\/\/schema.org","@graph":[{"@type":"WebPage","@id":"https:\/\/www.celaplatforms.com\/it\/servizi\/","url":"https:\/\/www.celaplatforms.com\/it\/servizi\/","name":"SERVIZI - Cela","isPartOf":{"@id":"https:\/\/www.celaplatforms.com\/it\/#website"},"datePublished":"2023-10-18T14:12:16+00:00","dateModified":"2025-06-16T10:23:51+00:00","description":"Da Cela, siamo orgogliosi di offrire una soluzione innovativa che migliora la tua esperienza con le nostre macchine: il Sistema di Monitoraggio Cela.","breadcrumb":{"@id":"https:\/\/www.celaplatforms.com\/it\/servizi\/#breadcrumb"},"inLanguage":"it-IT","potentialAction":[{"@type":"ReadAction","target":["https:\/\/www.celaplatforms.com\/it\/servizi\/"]}]},{"@type":"BreadcrumbList","@id":"https:\/\/www.celaplatforms.com\/it\/servizi\/#breadcrumb","itemListElement":[{"@type":"ListItem","position":1,"name":"Home","item":"https:\/\/www.celaplatforms.com\/it\/"},{"@type":"ListItem","position":2,"name":"SERVIZI"}]},{"@type":"WebSite","@id":"https:\/\/www.celaplatforms.com\/it\/#website","url":"https:\/\/www.celaplatforms.com\/it\/","name":"Cela","description":"Global supplier of aerial platforms","publisher":{"@id":"https:\/\/www.celaplatforms.com\/it\/#organization"},"potentialAction":[{"@type":"SearchAction","target":{"@type":"EntryPoint","urlTemplate":"https:\/\/www.celaplatforms.com\/it\/?s={search_term_string}"},"query-input":{"@type":"PropertyValueSpecification","valueRequired":true,"valueName":"search_term_string"}}],"inLanguage":"it-IT"},{"@type":"Organization","@id":"https:\/\/www.celaplatforms.com\/it\/#organization","name":"Cela Srl","url":"https:\/\/www.celaplatforms.com\/it\/","logo":{"@type":"ImageObject","inLanguage":"it-IT","@id":"https:\/\/www.celaplatforms.com\/it\/#\/schema\/logo\/image\/","url":"https:\/\/1212.agency\/cela2\/wp-content\/uploads\/2023\/07\/CELA1.png","contentUrl":"https:\/\/1212.agency\/cela2\/wp-content\/uploads\/2023\/07\/CELA1.png","width":4204,"height":689,"caption":"Cela Srl"},"image":{"@id":"https:\/\/www.celaplatforms.com\/it\/#\/schema\/logo\/image\/"}}]}},"_links":{"self":[{"href":"https:\/\/www.celaplatforms.com\/it\/wp-json\/wp\/v2\/pages\/4193","targetHints":{"allow":["GET"]}}],"collection":[{"href":"https:\/\/www.celaplatforms.com\/it\/wp-json\/wp\/v2\/pages"}],"about":[{"href":"https:\/\/www.celaplatforms.com\/it\/wp-json\/wp\/v2\/types\/page"}],"author":[{"embeddable":true,"href":"https:\/\/www.celaplatforms.com\/it\/wp-json\/wp\/v2\/users\/1"}],"replies":[{"embeddable":true,"href":"https:\/\/www.celaplatforms.com\/it\/wp-json\/wp\/v2\/comments?post=4193"}],"version-history":[{"count":15,"href":"https:\/\/www.celaplatforms.com\/it\/wp-json\/wp\/v2\/pages\/4193\/revisions"}],"predecessor-version":[{"id":8271,"href":"https:\/\/www.celaplatforms.com\/it\/wp-json\/wp\/v2\/pages\/4193\/revisions\/8271"}],"wp:attachment":[{"href":"https:\/\/www.celaplatforms.com\/it\/wp-json\/wp\/v2\/media?parent=4193"}],"curies":[{"name":"wp","href":"https:\/\/api.w.org\/{rel}","templated":true}]}}