{"id":4213,"date":"2023-10-18T09:00:34","date_gmt":"2023-10-18T09:00:34","guid":{"rendered":"https:\/\/www.celaplatforms.com\/industry\/"},"modified":"2025-04-08T10:09:04","modified_gmt":"2025-04-08T10:09:04","slug":"industry","status":"publish","type":"page","link":"https:\/\/www.celaplatforms.com\/it\/industry\/","title":{"rendered":"INDUSTRY"},"content":{"rendered":"<div class=\"wpb-content-wrapper\"><p>[vc_row heading_color=&#8221;light&#8221; section_type=&#8221;fullwidth&#8221; section_full_height=&#8221;fullheight&#8221; bg_type=&#8221;image&#8221; bg_image=&#8221;3180&#8243; bg_image_type=&#8221;fixed&#8221; equal_column_height=&#8221;middle-content&#8221; mobile_visibility=&#8221;hide&#8221; font_color=&#8221;#ffffff&#8221;][vc_column css=&#8221;.vc_custom_1690817143446{padding-left: 10% !important;}&#8221;][vc_row_inner][vc_column_inner width=&#8221;1\/3&#8243;]<div class=\"grve-element grve-image grve-align-center\" style=\"\">  <div class=\"grve-image-wrapper\"><img loading=\"lazy\" decoding=\"async\" width=\"1658\" height=\"1223\" src=\"https:\/\/www.celaplatforms.com\/wp-content\/uploads\/2023\/10\/CELA-industry-logo.png\" class=\"attachment-full size-full\" alt=\"\" srcset=\"https:\/\/www.celaplatforms.com\/wp-content\/uploads\/2023\/10\/CELA-industry-logo.png 1658w, https:\/\/www.celaplatforms.com\/wp-content\/uploads\/2023\/10\/CELA-industry-logo-300x221.png 300w, https:\/\/www.celaplatforms.com\/wp-content\/uploads\/2023\/10\/CELA-industry-logo-1024x755.png 1024w, https:\/\/www.celaplatforms.com\/wp-content\/uploads\/2023\/10\/CELA-industry-logo-768x567.png 768w, https:\/\/www.celaplatforms.com\/wp-content\/uploads\/2023\/10\/CELA-industry-logo-1536x1133.png 1536w\" sizes=\"auto, (max-width: 1658px) 100vw, 1658px\" \/>   <\/div><\/div>[\/vc_column_inner][vc_column_inner width=&#8221;1\/3&#8243;][\/vc_column_inner][vc_column_inner width=&#8221;1\/3&#8243;][\/vc_column_inner][\/vc_row_inner][\/vc_column][\/vc_row][vc_row heading_color=&#8221;light&#8221; section_type=&#8221;fullwidth&#8221; bg_type=&#8221;image&#8221; bg_image=&#8221;2326&#8243; bg_image_size=&#8221;extra-extra-large&#8221; columns_gap=&#8221;none&#8221; equal_column_height=&#8221;middle-content&#8221; desktop_visibility=&#8221;hide&#8221; tablet_visibility=&#8221;hide&#8221; tablet_sm_visibility=&#8221;hide&#8221; font_color=&#8221;#ffffff&#8221;][vc_column]<div class=\"grve-element grve-image grve-align-center\" style=\"\">  <div class=\"grve-image-wrapper\"><img loading=\"lazy\" decoding=\"async\" width=\"1242\" height=\"2208\" src=\"https:\/\/www.celaplatforms.com\/wp-content\/uploads\/2024\/01\/industry-header-mobile-blue-1.jpg\" class=\"attachment-full size-full\" alt=\"\" srcset=\"https:\/\/www.celaplatforms.com\/wp-content\/uploads\/2024\/01\/industry-header-mobile-blue-1.jpg 1242w, https:\/\/www.celaplatforms.com\/wp-content\/uploads\/2024\/01\/industry-header-mobile-blue-1-169x300.jpg 169w, https:\/\/www.celaplatforms.com\/wp-content\/uploads\/2024\/01\/industry-header-mobile-blue-1-576x1024.jpg 576w, https:\/\/www.celaplatforms.com\/wp-content\/uploads\/2024\/01\/industry-header-mobile-blue-1-768x1365.jpg 768w, https:\/\/www.celaplatforms.com\/wp-content\/uploads\/2024\/01\/industry-header-mobile-blue-1-864x1536.jpg 864w, https:\/\/www.celaplatforms.com\/wp-content\/uploads\/2024\/01\/industry-header-mobile-blue-1-1152x2048.jpg 1152w, https:\/\/www.celaplatforms.com\/wp-content\/uploads\/2024\/01\/industry-header-mobile-blue-1-1080x1920.jpg 1080w\" sizes=\"auto, (max-width: 1242px) 100vw, 1242px\" \/>   <\/div><\/div>[\/vc_column][\/vc_row][vc_row section_type=&#8221;fullwidth&#8221; padding_top_multiplier=&#8221;&#8221; padding_bottom_multiplier=&#8221;&#8221; columns_gap=&#8221;none&#8221; equal_column_height=&#8221;middle-content&#8221; margin_bottom=&#8221;0&#8243;][vc_column width=&#8221;1\/3&#8243; mobile_width=&#8221;hide&#8221; css=&#8221;.vc_custom_1701443538252{background-image: url(https:\/\/1212.agency\/cela2\/wp-content\/uploads\/2023\/12\/3-rev.jpg?id=2929) !important;background-position: center !important;background-repeat: no-repeat !important;background-size: cover !important;}&#8221;][\/vc_column][vc_column width=&#8221;2\/3&#8243; css=&#8221;.vc_custom_1697618413506{padding-right: 10% !important;padding-left: 10% !important;}&#8221;]<div class=\"grve-empty-space grve-height-3x\" style=\"\"><\/div>[vc_custom_heading text=&#8221;CELA INDUSTRY&#8221; font_container=&#8221;tag:h1|font_size:80|text_align:left|color:%231a1a26|line_height:1&#8243; use_theme_fonts=&#8221;yes&#8221; css_animation=&#8221;left-to-right&#8221; css=&#8221;.vc_custom_1697618226450{padding-bottom: 20px !important;}&#8221;]<div class=\"grve-empty-space grve-height-1x\" style=\"\"><\/div>[vc_column_text]Da Cela, proviamo un orgoglio immenso nel nostro ruolo di fornitori di soluzioni all&#8217;avanguardia per il settore industriale, promuovendo la crescita e il successo in vari settori. Qualunque sfida comporti il tuo lavoro, sii certo che le nostre piattaforme di accesso in quota sono progettate non solo per soddisfare, ma anche per superare le tue aspettative.<\/p>\n<p>La versatilit\u00e0 \u00e8 un pilastro dell&#8217;approccio di Cela. In pochi secondi, il nostro braccio telescopico pu\u00f2 trasformarsi con una serie di accessori, tra cui diverse dimensioni di cestelli, una gabbia per la movimentazione di materiali, un cestello in fibra di vetro, un gancio e un argano, ognuno accompagnato dalla necessaria certificazione di gru.<\/p>\n<p>Tuttavia, la nostra vera forza risiede nell&#8217;arte della personalizzazione, perfezionata attraverso anni di esperienza nel settore antincendio e integrata senza sforzi nelle nostre offerte industriali. I nostri bracci possono essere montati su camion compatti con notevole agilit\u00e0 oppure dimensionati per camion medi e grandi, offrendo una flessibilit\u00e0 simile a quella di un sarto su misura che soddisfa ogni desiderio del cliente.[\/vc_column_text]<div class=\"grve-empty-space grve-height-3x\" style=\"\"><\/div>[\/vc_column][\/vc_row][vc_row heading_color=&#8221;light&#8221; section_type=&#8221;fullwidth&#8221; bg_type=&#8221;image&#8221; bg_image=&#8221;121&#8243; bg_image_type=&#8221;horizontal-parallax-lr&#8221; padding_top_multiplier=&#8221;4x&#8221; equal_column_height=&#8221;middle-content&#8221; font_color=&#8221;#ffffff&#8221; margin_bottom=&#8221;0&#8243; section_id=&#8221;logo-bg&#8221;][vc_column width=&#8221;1\/4&#8243;][vc_custom_heading text=&#8221;DT Truck&#8221; font_container=&#8221;tag:h3|font_size:30|text_align:left|color:%23ffffff|line_height:1&#8243; use_theme_fonts=&#8221;yes&#8221; css_animation=&#8221;left-to-right&#8221; css=&#8221;.vc_custom_1704962184322{padding-bottom: 10px !important;}&#8221; link=&#8221;url:%2Fdt-truck%2F|title:Truck-mounted%20AWP|&#8221; el_class=&#8221;titolo-categoria&#8221;]<div class=\"grve-element grve-image grve-align-center\" style=\"\">  <div class=\"grve-image-wrapper grve-shadow-medium grve-with-shadow\"><a href=\"\/dt-truck\/\"><img loading=\"lazy\" decoding=\"async\" width=\"1280\" height=\"687\" src=\"https:\/\/www.celaplatforms.com\/wp-content\/uploads\/2024\/01\/DT-Truck-25.jpg\" class=\"attachment-full size-full\" alt=\"\" srcset=\"https:\/\/www.celaplatforms.com\/wp-content\/uploads\/2024\/01\/DT-Truck-25.jpg 1280w, https:\/\/www.celaplatforms.com\/wp-content\/uploads\/2024\/01\/DT-Truck-25-300x161.jpg 300w, https:\/\/www.celaplatforms.com\/wp-content\/uploads\/2024\/01\/DT-Truck-25-1024x550.jpg 1024w, https:\/\/www.celaplatforms.com\/wp-content\/uploads\/2024\/01\/DT-Truck-25-768x412.jpg 768w\" sizes=\"auto, (max-width: 1280px) 100vw, 1280px\" \/><\/a>   <\/div><\/div><div class=\"grve-empty-space grve-height-1x\" style=\"\"><\/div><div class=\"grve-element grve-align-left\"><a href=\"\/dt-truck\/\" class=\"grve-btn grve-btn-extrasmall grve-extra-round grve-bg-primary-1 grve-bg-hover-primary-3 grve-fullwidth-btn grve-fluid-btn-medium\"><span>DT Truck<\/span><\/a><\/div><div class=\"grve-empty-space grve-height-3x\" style=\"\"><\/div>[\/vc_column][vc_column width=&#8221;1\/4&#8243;][vc_custom_heading text=&#8221;DT Crawler&#8221; font_container=&#8221;tag:h3|font_size:30|text_align:left|color:%23ffffff|line_height:1&#8243; use_theme_fonts=&#8221;yes&#8221; css_animation=&#8221;left-to-right&#8221; css=&#8221;.vc_custom_1704962237151{padding-bottom: 10px !important;}&#8221; link=&#8221;url:%2Fdt-crawler%2F|title:Tracked%20access%20platforms|&#8221; el_class=&#8221;titolo-categoria&#8221;]<div class=\"grve-element grve-image grve-align-center\" style=\"\">  <div class=\"grve-image-wrapper grve-shadow-medium grve-with-shadow\"><a href=\"\/dt-crawler\/\"><img loading=\"lazy\" decoding=\"async\" width=\"1280\" height=\"687\" src=\"https:\/\/www.celaplatforms.com\/wp-content\/uploads\/2024\/01\/DT25_crawler.jpg\" class=\"attachment-full size-full\" alt=\"\" srcset=\"https:\/\/www.celaplatforms.com\/wp-content\/uploads\/2024\/01\/DT25_crawler.jpg 1280w, https:\/\/www.celaplatforms.com\/wp-content\/uploads\/2024\/01\/DT25_crawler-300x161.jpg 300w, https:\/\/www.celaplatforms.com\/wp-content\/uploads\/2024\/01\/DT25_crawler-1024x550.jpg 1024w, https:\/\/www.celaplatforms.com\/wp-content\/uploads\/2024\/01\/DT25_crawler-768x412.jpg 768w\" sizes=\"auto, (max-width: 1280px) 100vw, 1280px\" \/><\/a>   <\/div><\/div><div class=\"grve-empty-space grve-height-1x\" style=\"\"><\/div><div class=\"grve-element grve-align-left\"><a href=\"\/dt-crawler\/\" class=\"grve-btn grve-btn-extrasmall grve-extra-round grve-bg-primary-1 grve-bg-hover-primary-3 grve-fullwidth-btn grve-fluid-btn-medium\"><span>DT Crawler<\/span><\/a><\/div><div class=\"grve-empty-space grve-height-3x\" style=\"\"><\/div>[\/vc_column][vc_column width=&#8221;1\/4&#8243;][vc_custom_heading text=&#8221;DT Trailer&#8221; font_container=&#8221;tag:h3|font_size:30|text_align:left|color:%23ffffff|line_height:1&#8243; use_theme_fonts=&#8221;yes&#8221; css_animation=&#8221;left-to-right&#8221; css=&#8221;.vc_custom_1704962269257{padding-bottom: 10px !important;}&#8221; link=&#8221;url:%2Fdt-trailer%2F|title:Towable%20AWP|&#8221; el_class=&#8221;titolo-categoria&#8221;]<div class=\"grve-element grve-image grve-align-center\" style=\"\">  <div class=\"grve-image-wrapper grve-shadow-medium grve-with-shadow\"><a href=\"\/dt-trailer\/\"><img loading=\"lazy\" decoding=\"async\" width=\"1280\" height=\"687\" src=\"https:\/\/www.celaplatforms.com\/wp-content\/uploads\/2024\/01\/DT25_trailer-1.jpg\" class=\"attachment-full size-full\" alt=\"\" srcset=\"https:\/\/www.celaplatforms.com\/wp-content\/uploads\/2024\/01\/DT25_trailer-1.jpg 1280w, https:\/\/www.celaplatforms.com\/wp-content\/uploads\/2024\/01\/DT25_trailer-1-300x161.jpg 300w, https:\/\/www.celaplatforms.com\/wp-content\/uploads\/2024\/01\/DT25_trailer-1-1024x550.jpg 1024w, https:\/\/www.celaplatforms.com\/wp-content\/uploads\/2024\/01\/DT25_trailer-1-768x412.jpg 768w\" sizes=\"auto, (max-width: 1280px) 100vw, 1280px\" \/><\/a>   <\/div><\/div><div class=\"grve-empty-space grve-height-1x\" style=\"\"><\/div><div class=\"grve-element grve-align-left\"><a href=\"\/dt-trailer\/\" class=\"grve-btn grve-btn-extrasmall grve-extra-round grve-bg-primary-1 grve-bg-hover-primary-3 grve-fullwidth-btn grve-fluid-btn-medium\"><span>DT Trailer<\/span><\/a><\/div><div class=\"grve-empty-space grve-height-3x\" style=\"\"><\/div>[\/vc_column][vc_column width=&#8221;1\/4&#8243;][vc_custom_heading text=&#8221;Special applications&#8221; font_container=&#8221;tag:h3|font_size:30|text_align:left|color:%23ffffff|line_height:1&#8243; use_theme_fonts=&#8221;yes&#8221; css_animation=&#8221;left-to-right&#8221; css=&#8221;.vc_custom_1704962311501{padding-bottom: 10px !important;}&#8221; link=&#8221;url:%2Fspecial-applications%2F|title:Special%20applications|&#8221; el_class=&#8221;titolo-categoria&#8221;]<div class=\"grve-element grve-image grve-align-center\" style=\"\">  <div class=\"grve-image-wrapper grve-shadow-medium grve-with-shadow\"><a href=\"\/special-applications\/\"><img loading=\"lazy\" decoding=\"async\" width=\"1280\" height=\"687\" src=\"https:\/\/www.celaplatforms.com\/wp-content\/uploads\/2023\/10\/SC720.jpg\" class=\"attachment-full size-full\" alt=\"\" srcset=\"https:\/\/www.celaplatforms.com\/wp-content\/uploads\/2023\/10\/SC720.jpg 1280w, https:\/\/www.celaplatforms.com\/wp-content\/uploads\/2023\/10\/SC720-300x161.jpg 300w, https:\/\/www.celaplatforms.com\/wp-content\/uploads\/2023\/10\/SC720-1024x550.jpg 1024w, https:\/\/www.celaplatforms.com\/wp-content\/uploads\/2023\/10\/SC720-768x412.jpg 768w\" sizes=\"auto, (max-width: 1280px) 100vw, 1280px\" \/><\/a>   <\/div><\/div><div class=\"grve-empty-space grve-height-1x\" style=\"\"><\/div><div class=\"grve-element grve-align-left\"><a href=\"\/special-applications\/\" class=\"grve-btn grve-btn-extrasmall grve-extra-round grve-bg-primary-1 grve-bg-hover-primary-3 grve-fullwidth-btn grve-fluid-btn-medium\"><span>Special applications<\/span><\/a><\/div><div class=\"grve-empty-space grve-height-3x\" style=\"\"><\/div>[\/vc_column][\/vc_row][vc_row equal_column_height=&#8221;middle-content&#8221; mobile_equal_column_height=&#8221;false&#8221;][vc_column width=&#8221;1\/2&#8243;]<div class=\"grve-empty-space grve-height-1x\" style=\"\"><\/div>[vc_custom_heading text=&#8221;From Fire to Air&#8221; font_container=&#8221;tag:h1|font_size:75|text_align:left|color:%23c83f27|line_height:1&#8243; use_theme_fonts=&#8221;yes&#8221; css_animation=&#8221;left-to-right&#8221; css=&#8221;.vc_custom_1697618702540{padding-bottom: 20px !important;}&#8221;]<div class=\"grve-empty-space grve-height-1x\" style=\"\"><\/div>[vc_column_text]Cela incarna due ambiti distinti ma strettamente intrecciati: il settore industriale e quello antincendio. All&#8217;interno dei nostri uffici e strutture condivise, gli stessi ingegneri e professionisti che progettano le nostre macchine antincendio guidano anche lo sviluppo delle nostre attrezzature industriali. Questa relazione simbiotica garantisce un flusso continuo di conoscenze e competenze tra questi due aspetti dell\u2019esperienza di Cela.<\/p>\n<p>Per garantire la massima sicurezza ai nostri clienti, testiamo rigorosamente le nostre tecnologie pi\u00f9 avanzate nelle nostre piattaforme antincendio. Queste piattaforme, progettate per aiutare i vigili del fuoco a raggiungere grandi altezze e a effettuare salvataggi con pompe ad acqua e schiuma, fungono da banco di prova per le innovazioni. Una volta accuratamente verificate, queste tecnologie vengono integrate nei nostri prodotti industriali, offrendo un livello di sicurezza superiore per assicurare che i nostri clienti tornino a casa sani e salvi ogni sera.[\/vc_column_text]<div class=\"grve-empty-space grve-height-1x\" style=\"\"><\/div><div class=\"grve-element grve-align-left\"><a href=\"https:\/\/www.celaplatforms.com\/it\/fire\/\" class=\"grve-btn grve-btn-extrasmall grve-extra-round grve-bg-primary-1 grve-bg-hover-primary-3 grve-btn-line\"><span>Scopri Cela Fire<\/span><\/a><\/div><div class=\"grve-empty-space grve-height-1x\" style=\"\"><\/div>[\/vc_column][vc_column width=&#8221;1\/2&#8243;]<div class=\"grve-element grve-image grve-align-center\" style=\"\">  <div class=\"grve-image-wrapper\"><img loading=\"lazy\" decoding=\"async\" width=\"1000\" height=\"667\" src=\"https:\/\/www.celaplatforms.com\/wp-content\/uploads\/2023\/07\/fire-cela.jpg\" class=\"attachment-full size-full\" alt=\"\" srcset=\"https:\/\/www.celaplatforms.com\/wp-content\/uploads\/2023\/07\/fire-cela.jpg 1000w, https:\/\/www.celaplatforms.com\/wp-content\/uploads\/2023\/07\/fire-cela-300x200.jpg 300w, https:\/\/www.celaplatforms.com\/wp-content\/uploads\/2023\/07\/fire-cela-768x512.jpg 768w, https:\/\/www.celaplatforms.com\/wp-content\/uploads\/2023\/07\/fire-cela-600x400.jpg 600w\" sizes=\"auto, (max-width: 1000px) 100vw, 1000px\" \/>   <\/div><\/div>[\/vc_column][\/vc_row]<\/p>\n<\/div>","protected":false},"excerpt":{"rendered":"<p>[vc_row heading_color=&#8221;light&#8221; section_type=&#8221;fullwidth&#8221; section_full_height=&#8221;fullheight&#8221; bg_type=&#8221;image&#8221; bg_image=&#8221;3180&#8243; bg_image_type=&#8221;fixed&#8221; equal_column_height=&#8221;middle-content&#8221; mobile_visibility=&#8221;hide&#8221; font_color=&#8221;#ffffff&#8221;][vc_column css=&#8221;.vc_custom_1690817143446{padding-left: 10% !important;}&#8221;][vc_row_inner][vc_column_inner width=&#8221;1\/3&#8243;][\/vc_column_inner][vc_column_inner width=&#8221;1\/3&#8243;][\/vc_column_inner][vc_column_inner width=&#8221;1\/3&#8243;][\/vc_column_inner][\/vc_row_inner][\/vc_column][\/vc_row][vc_row heading_color=&#8221;light&#8221; section_type=&#8221;fullwidth&#8221; bg_type=&#8221;image&#8221; bg_image=&#8221;2326&#8243; bg_image_size=&#8221;extra-extra-large&#8221; columns_gap=&#8221;none&#8221; equal_column_height=&#8221;middle-content&#8221; desktop_visibility=&#8221;hide&#8221; tablet_visibility=&#8221;hide&#8221; tablet_sm_visibility=&#8221;hide&#8221; font_color=&#8221;#ffffff&#8221;][vc_column][\/vc_column][\/vc_row][vc_row section_type=&#8221;fullwidth&#8221; padding_top_multiplier=&#8221;&#8221; padding_bottom_multiplier=&#8221;&#8221; columns_gap=&#8221;none&#8221; equal_column_height=&#8221;middle-content&#8221; margin_bottom=&#8221;0&#8243;][vc_column width=&#8221;1\/3&#8243; mobile_width=&#8221;hide&#8221; css=&#8221;.vc_custom_1701443538252{background-image: url(https:\/\/1212.agency\/cela2\/wp-content\/uploads\/2023\/12\/3-rev.jpg?id=2929) !important;background-position: center !important;background-repeat: no-repeat !important;background-size: cover !important;}&#8221;][\/vc_column][vc_column width=&#8221;2\/3&#8243; css=&#8221;.vc_custom_1697618413506{padding-right: 10% !important;padding-left: 10% !important;}&#8221;][vc_custom_heading text=&#8221;CELA INDUSTRY&#8221; font_container=&#8221;tag:h1|font_size:80|text_align:left|color:%231a1a26|line_height:1&#8243; use_theme_fonts=&#8221;yes&#8221; css_animation=&#8221;left-to-right&#8221; [&hellip;]<\/p>\n","protected":false},"author":1,"featured_media":0,"parent":0,"menu_order":0,"comment_status":"closed","ping_status":"open","template":"","meta":{"footnotes":""},"class_list":["post-4213","page","type-page","status-publish","hentry"],"yoast_head":"<!-- This site is optimized with the Yoast SEO plugin v26.5 - https:\/\/yoast.com\/wordpress\/plugins\/seo\/ -->\n<title>INDUSTRY - Cela<\/title>\n<meta name=\"description\" content=\"Il braccio Cela Industry DT (doppio telescopico) montato su camion commerciali offre vantaggi rivoluzionari. Pi\u00f9 compatto di quello della concorrenza.\" \/>\n<meta name=\"robots\" content=\"index, follow, max-snippet:-1, max-image-preview:large, max-video-preview:-1\" \/>\n<link rel=\"canonical\" href=\"https:\/\/www.celaplatforms.com\/it\/industry\/\" \/>\n<meta property=\"og:locale\" content=\"it_IT\" \/>\n<meta property=\"og:type\" content=\"article\" \/>\n<meta property=\"og:title\" content=\"INDUSTRY - Cela\" \/>\n<meta property=\"og:description\" content=\"Il braccio Cela Industry DT (doppio telescopico) montato su camion commerciali offre vantaggi rivoluzionari. Pi\u00f9 compatto di quello della concorrenza.\" \/>\n<meta property=\"og:url\" content=\"https:\/\/www.celaplatforms.com\/it\/industry\/\" \/>\n<meta property=\"og:site_name\" content=\"Cela\" \/>\n<meta property=\"article:modified_time\" content=\"2025-04-08T10:09:04+00:00\" \/>\n<meta name=\"twitter:card\" content=\"summary_large_image\" \/>\n<meta name=\"twitter:label1\" content=\"Tempo di lettura stimato\" \/>\n\t<meta name=\"twitter:data1\" content=\"3 minuti\" \/>\n<script type=\"application\/ld+json\" class=\"yoast-schema-graph\">{\"@context\":\"https:\/\/schema.org\",\"@graph\":[{\"@type\":\"WebPage\",\"@id\":\"https:\/\/www.celaplatforms.com\/it\/industry\/\",\"url\":\"https:\/\/www.celaplatforms.com\/it\/industry\/\",\"name\":\"INDUSTRY - Cela\",\"isPartOf\":{\"@id\":\"https:\/\/www.celaplatforms.com\/it\/#website\"},\"datePublished\":\"2023-10-18T09:00:34+00:00\",\"dateModified\":\"2025-04-08T10:09:04+00:00\",\"description\":\"Il braccio Cela Industry DT (doppio telescopico) montato su camion commerciali offre vantaggi rivoluzionari. Pi\u00f9 compatto di quello della concorrenza.\",\"breadcrumb\":{\"@id\":\"https:\/\/www.celaplatforms.com\/it\/industry\/#breadcrumb\"},\"inLanguage\":\"it-IT\",\"potentialAction\":[{\"@type\":\"ReadAction\",\"target\":[\"https:\/\/www.celaplatforms.com\/it\/industry\/\"]}]},{\"@type\":\"BreadcrumbList\",\"@id\":\"https:\/\/www.celaplatforms.com\/it\/industry\/#breadcrumb\",\"itemListElement\":[{\"@type\":\"ListItem\",\"position\":1,\"name\":\"Home\",\"item\":\"https:\/\/www.celaplatforms.com\/it\/\"},{\"@type\":\"ListItem\",\"position\":2,\"name\":\"INDUSTRY\"}]},{\"@type\":\"WebSite\",\"@id\":\"https:\/\/www.celaplatforms.com\/it\/#website\",\"url\":\"https:\/\/www.celaplatforms.com\/it\/\",\"name\":\"Cela\",\"description\":\"Global supplier of aerial platforms\",\"publisher\":{\"@id\":\"https:\/\/www.celaplatforms.com\/it\/#organization\"},\"potentialAction\":[{\"@type\":\"SearchAction\",\"target\":{\"@type\":\"EntryPoint\",\"urlTemplate\":\"https:\/\/www.celaplatforms.com\/it\/?s={search_term_string}\"},\"query-input\":{\"@type\":\"PropertyValueSpecification\",\"valueRequired\":true,\"valueName\":\"search_term_string\"}}],\"inLanguage\":\"it-IT\"},{\"@type\":\"Organization\",\"@id\":\"https:\/\/www.celaplatforms.com\/it\/#organization\",\"name\":\"Cela Srl\",\"url\":\"https:\/\/www.celaplatforms.com\/it\/\",\"logo\":{\"@type\":\"ImageObject\",\"inLanguage\":\"it-IT\",\"@id\":\"https:\/\/www.celaplatforms.com\/it\/#\/schema\/logo\/image\/\",\"url\":\"https:\/\/1212.agency\/cela2\/wp-content\/uploads\/2023\/07\/CELA1.png\",\"contentUrl\":\"https:\/\/1212.agency\/cela2\/wp-content\/uploads\/2023\/07\/CELA1.png\",\"width\":4204,\"height\":689,\"caption\":\"Cela Srl\"},\"image\":{\"@id\":\"https:\/\/www.celaplatforms.com\/it\/#\/schema\/logo\/image\/\"}}]}<\/script>\n<!-- \/ Yoast SEO plugin. -->","yoast_head_json":{"title":"INDUSTRY - Cela","description":"Il braccio Cela Industry DT (doppio telescopico) montato su camion commerciali offre vantaggi rivoluzionari. Pi\u00f9 compatto di quello della concorrenza.","robots":{"index":"index","follow":"follow","max-snippet":"max-snippet:-1","max-image-preview":"max-image-preview:large","max-video-preview":"max-video-preview:-1"},"canonical":"https:\/\/www.celaplatforms.com\/it\/industry\/","og_locale":"it_IT","og_type":"article","og_title":"INDUSTRY - Cela","og_description":"Il braccio Cela Industry DT (doppio telescopico) montato su camion commerciali offre vantaggi rivoluzionari. Pi\u00f9 compatto di quello della concorrenza.","og_url":"https:\/\/www.celaplatforms.com\/it\/industry\/","og_site_name":"Cela","article_modified_time":"2025-04-08T10:09:04+00:00","twitter_card":"summary_large_image","twitter_misc":{"Tempo di lettura stimato":"3 minuti"},"schema":{"@context":"https:\/\/schema.org","@graph":[{"@type":"WebPage","@id":"https:\/\/www.celaplatforms.com\/it\/industry\/","url":"https:\/\/www.celaplatforms.com\/it\/industry\/","name":"INDUSTRY - Cela","isPartOf":{"@id":"https:\/\/www.celaplatforms.com\/it\/#website"},"datePublished":"2023-10-18T09:00:34+00:00","dateModified":"2025-04-08T10:09:04+00:00","description":"Il braccio Cela Industry DT (doppio telescopico) montato su camion commerciali offre vantaggi rivoluzionari. Pi\u00f9 compatto di quello della concorrenza.","breadcrumb":{"@id":"https:\/\/www.celaplatforms.com\/it\/industry\/#breadcrumb"},"inLanguage":"it-IT","potentialAction":[{"@type":"ReadAction","target":["https:\/\/www.celaplatforms.com\/it\/industry\/"]}]},{"@type":"BreadcrumbList","@id":"https:\/\/www.celaplatforms.com\/it\/industry\/#breadcrumb","itemListElement":[{"@type":"ListItem","position":1,"name":"Home","item":"https:\/\/www.celaplatforms.com\/it\/"},{"@type":"ListItem","position":2,"name":"INDUSTRY"}]},{"@type":"WebSite","@id":"https:\/\/www.celaplatforms.com\/it\/#website","url":"https:\/\/www.celaplatforms.com\/it\/","name":"Cela","description":"Global supplier of aerial platforms","publisher":{"@id":"https:\/\/www.celaplatforms.com\/it\/#organization"},"potentialAction":[{"@type":"SearchAction","target":{"@type":"EntryPoint","urlTemplate":"https:\/\/www.celaplatforms.com\/it\/?s={search_term_string}"},"query-input":{"@type":"PropertyValueSpecification","valueRequired":true,"valueName":"search_term_string"}}],"inLanguage":"it-IT"},{"@type":"Organization","@id":"https:\/\/www.celaplatforms.com\/it\/#organization","name":"Cela Srl","url":"https:\/\/www.celaplatforms.com\/it\/","logo":{"@type":"ImageObject","inLanguage":"it-IT","@id":"https:\/\/www.celaplatforms.com\/it\/#\/schema\/logo\/image\/","url":"https:\/\/1212.agency\/cela2\/wp-content\/uploads\/2023\/07\/CELA1.png","contentUrl":"https:\/\/1212.agency\/cela2\/wp-content\/uploads\/2023\/07\/CELA1.png","width":4204,"height":689,"caption":"Cela Srl"},"image":{"@id":"https:\/\/www.celaplatforms.com\/it\/#\/schema\/logo\/image\/"}}]}},"_links":{"self":[{"href":"https:\/\/www.celaplatforms.com\/it\/wp-json\/wp\/v2\/pages\/4213","targetHints":{"allow":["GET"]}}],"collection":[{"href":"https:\/\/www.celaplatforms.com\/it\/wp-json\/wp\/v2\/pages"}],"about":[{"href":"https:\/\/www.celaplatforms.com\/it\/wp-json\/wp\/v2\/types\/page"}],"author":[{"embeddable":true,"href":"https:\/\/www.celaplatforms.com\/it\/wp-json\/wp\/v2\/users\/1"}],"replies":[{"embeddable":true,"href":"https:\/\/www.celaplatforms.com\/it\/wp-json\/wp\/v2\/comments?post=4213"}],"version-history":[{"count":14,"href":"https:\/\/www.celaplatforms.com\/it\/wp-json\/wp\/v2\/pages\/4213\/revisions"}],"predecessor-version":[{"id":8200,"href":"https:\/\/www.celaplatforms.com\/it\/wp-json\/wp\/v2\/pages\/4213\/revisions\/8200"}],"wp:attachment":[{"href":"https:\/\/www.celaplatforms.com\/it\/wp-json\/wp\/v2\/media?parent=4213"}],"curies":[{"name":"wp","href":"https:\/\/api.w.org\/{rel}","templated":true}]}}