{"id":4222,"date":"2023-08-14T14:33:02","date_gmt":"2023-08-14T14:33:02","guid":{"rendered":"https:\/\/www.celaplatforms.com\/industry\/dt-trailer\/"},"modified":"2024-01-15T09:58:48","modified_gmt":"2024-01-15T09:58:48","slug":"dt-trailer","status":"publish","type":"page","link":"https:\/\/www.celaplatforms.com\/it\/industry\/dt-trailer\/","title":{"rendered":"DT Trailer"},"content":{"rendered":"<div class=\"wpb-content-wrapper\"><p>[vc_row heading_color=&#8221;light&#8221; bg_type=&#8221;image&#8221; bg_image=&#8221;4929&#8243; bg_position=&#8221;left-center&#8221; color_overlay=&#8221;gradient&#8221; gradient_overlay_custom_1=&#8221;rgba(26,26,38,0.9)&#8221; gradient_overlay_custom_2=&#8221;rgba(26,26,38,0.05)&#8221; padding_top_multiplier=&#8221;6x&#8221; padding_bottom_multiplier=&#8221;3x&#8221; tablet_sm_visibility=&#8221;hide&#8221; mobile_visibility=&#8221;hide&#8221;][vc_column]<div class=\"grve-empty-space grve-height-4x\" style=\"\"><\/div>[vc_row_inner][vc_column_inner width=&#8221;1\/3&#8243;]<div class=\"grve-element grve-image grve-align-center\" style=\"\">  <div class=\"grve-image-wrapper\"><img loading=\"lazy\" decoding=\"async\" width=\"623\" height=\"74\" src=\"https:\/\/www.celaplatforms.com\/wp-content\/uploads\/2023\/08\/industry-bianco.png\" class=\"attachment-full size-full\" alt=\"\" srcset=\"https:\/\/www.celaplatforms.com\/wp-content\/uploads\/2023\/08\/industry-bianco.png 623w, https:\/\/www.celaplatforms.com\/wp-content\/uploads\/2023\/08\/industry-bianco-300x36.png 300w, https:\/\/www.celaplatforms.com\/wp-content\/uploads\/2023\/08\/industry-bianco-600x71.png 600w\" sizes=\"auto, (max-width: 623px) 100vw, 623px\" \/>   <\/div><\/div><div class=\"grve-empty-space grve-height-1x\" style=\"\"><\/div>[\/vc_column_inner][vc_column_inner width=&#8221;1\/3&#8243;][\/vc_column_inner][vc_column_inner width=&#8221;1\/3&#8243;][\/vc_column_inner][\/vc_row_inner][vc_custom_heading source=&#8221;post_title&#8221; font_container=&#8221;tag:h1|font_size:70|text_align:left|line_height:1&#8243; use_theme_fonts=&#8221;yes&#8221;]<div class=\"grve-empty-space grve-height-4x\" style=\"\"><\/div>[\/vc_column][\/vc_row][vc_row heading_color=&#8221;light&#8221; bg_type=&#8221;color&#8221; padding_top_multiplier=&#8221;3x&#8221; padding_bottom_multiplier=&#8221;3x&#8221; desktop_visibility=&#8221;hide&#8221; tablet_visibility=&#8221;hide&#8221; bg_color=&#8221;#1a1a26&#8243;][vc_column]<div class=\"grve-element grve-image grve-align-center\" style=\"\">  <div class=\"grve-image-wrapper\"><img loading=\"lazy\" decoding=\"async\" width=\"623\" height=\"74\" src=\"https:\/\/www.celaplatforms.com\/wp-content\/uploads\/2023\/08\/industry-bianco.png\" class=\"attachment-full size-full\" alt=\"\" srcset=\"https:\/\/www.celaplatforms.com\/wp-content\/uploads\/2023\/08\/industry-bianco.png 623w, https:\/\/www.celaplatforms.com\/wp-content\/uploads\/2023\/08\/industry-bianco-300x36.png 300w, https:\/\/www.celaplatforms.com\/wp-content\/uploads\/2023\/08\/industry-bianco-600x71.png 600w\" sizes=\"auto, (max-width: 623px) 100vw, 623px\" \/>   <\/div><\/div><div class=\"grve-empty-space grve-height-1x\" style=\"\"><\/div>[vc_custom_heading source=&#8221;post_title&#8221; font_container=&#8221;tag:h1|font_size:70|text_align:left|line_height:1&#8243; use_theme_fonts=&#8221;yes&#8221;]<div class=\"grve-empty-space grve-height-4x\" style=\"\"><\/div><div class=\"grve-element grve-image grve-align-center\" style=\"\">  <div class=\"grve-image-wrapper\"><img loading=\"lazy\" decoding=\"async\" width=\"1920\" height=\"1061\" src=\"https:\/\/www.celaplatforms.com\/wp-content\/uploads\/2024\/01\/categoria-DT-trailer-new.jpg\" class=\"attachment-full size-full\" alt=\"Cela DT trailer\" srcset=\"https:\/\/www.celaplatforms.com\/wp-content\/uploads\/2024\/01\/categoria-DT-trailer-new.jpg 1920w, https:\/\/www.celaplatforms.com\/wp-content\/uploads\/2024\/01\/categoria-DT-trailer-new-300x166.jpg 300w, https:\/\/www.celaplatforms.com\/wp-content\/uploads\/2024\/01\/categoria-DT-trailer-new-1024x566.jpg 1024w, https:\/\/www.celaplatforms.com\/wp-content\/uploads\/2024\/01\/categoria-DT-trailer-new-768x424.jpg 768w, https:\/\/www.celaplatforms.com\/wp-content\/uploads\/2024\/01\/categoria-DT-trailer-new-1536x849.jpg 1536w\" sizes=\"auto, (max-width: 1920px) 100vw, 1920px\" \/>   <\/div><\/div>[\/vc_column][\/vc_row][vc_row bg_type=&#8221;image&#8221; bg_image=&#8221;15&#8243; bg_image_type=&#8221;horizontal-parallax-lr&#8221; bg_image_size=&#8221;responsive&#8221; padding_bottom_multiplier=&#8221;3x&#8221; equal_column_height=&#8221;middle-content&#8221;][vc_column][vc_raw_html el_class=&#8221;breadcrumb-colore&#8221;]W3dwc2VvX2JyZWFkY3J1bWJd[\/vc_raw_html]<div class=\"grve-empty-space grve-height-1x\" style=\"\"><\/div>[vc_custom_heading text=&#8221;Le nostre piattaforme aeree trainabili, equipaggiate con il braccio DT (Doppio Telescopico), rappresentano una notevole fusione di versatilit\u00e0 e comodit\u00e0. Queste piattaforme sono ingegnosamente progettate per essere leggere, facilmente trainabili dalla maggior parte dei pick-up e vantano un basso baricentro per un&apos;eccezionale manovrabilit\u00e0.&#8221; font_container=&#8221;tag:h2|font_size:35|text_align:left|color:%23013869|line_height:1.5&#8243; use_theme_fonts=&#8221;yes&#8221;]<div class=\"grve-empty-space grve-height-1x\" style=\"\"><\/div>[vc_column_text]Ci\u00f2 che le distingue \u00e8 la loro transizione agevole alla modalit\u00e0 semovente dopo il distacco dal veicolo trainante, consentendo un&#8217;operativit\u00e0 a distanza tramite comando radio.<br \/>\nQueste caratteristiche innovative rendono le nostre piattaforme aeree trainabili dotate del braccio DT indispensabili in una vasta gamma di applicazioni. Gli organizzatori di eventi e i professionisti della segnaletica le trovano indispensabili per un facile allestimento di illuminazione, decorazioni e segnaletica in vari eventi. Nei grandi magazzini, aiutano nella gestione dell&#8217;inventario fornendo accesso a ripiani e scaffalature alte. Nell&#8217;agricoltura, assistono gli agricoltori in compiti come la manutenzione dei frutteti e la raccolta a quote elevate. Inoltre, pittori e specialisti del rivestimento si affidano a queste piattaforme per lavori di precisione su pareti e superfici a diverse altezze.<br \/>\nIl perfetto equilibrio tra la comodit\u00e0 del traino, la capacit\u00e0 semovente e la portata e funzionalit\u00e0 del braccio DT rende le nostre piattaforme aeree trainabili strumenti versatili, migliorando la produttivit\u00e0 e la sicurezza in diverse industrie.[\/vc_column_text][\/vc_column][\/vc_row][vc_row heading_color=&#8221;primary-3&#8243; bg_type=&#8221;color&#8221; padding_top_multiplier=&#8221;3x&#8221; padding_bottom_multiplier=&#8221;3x&#8221; equal_column_height=&#8221;equal-column&#8221; bg_color=&#8221;#1a1a26&#8243; font_color=&#8221;#1a1a26&#8243; margin_bottom=&#8221;0&#8243;][vc_column][vc_row_inner][vc_column_inner width=&#8221;1\/4&#8243; el_class=&#8221;box-prodotti&#8221; el_id=&#8221;box-prodotti&#8221;]<div class=\"grve-element grve-image grve-animated-item grve-duration-normal grve-fade-in-up grve-align-center\" style=\"margin-bottom: 25px;\" data-delay=\"200\">  <div class=\"grve-image-wrapper grve-shadow-medium grve-with-shadow\"><a href=\"https:\/\/www.celaplatforms.com\/it\/industry\/dt-trailer\/dt-trailer-22\/\" title=\"DT TRAILER 22\"><img loading=\"lazy\" decoding=\"async\" width=\"1280\" height=\"687\" src=\"https:\/\/www.celaplatforms.com\/wp-content\/uploads\/2024\/01\/DT22_trailer-1.jpg\" class=\"attachment-full size-full\" alt=\"\" srcset=\"https:\/\/www.celaplatforms.com\/wp-content\/uploads\/2024\/01\/DT22_trailer-1.jpg 1280w, https:\/\/www.celaplatforms.com\/wp-content\/uploads\/2024\/01\/DT22_trailer-1-300x161.jpg 300w, https:\/\/www.celaplatforms.com\/wp-content\/uploads\/2024\/01\/DT22_trailer-1-1024x550.jpg 1024w, https:\/\/www.celaplatforms.com\/wp-content\/uploads\/2024\/01\/DT22_trailer-1-768x412.jpg 768w\" sizes=\"auto, (max-width: 1280px) 100vw, 1280px\" \/><\/a>   <\/div><\/div>[vc_custom_heading text=&#8221;DT TRAILER 22&#8243; font_container=&#8221;tag:h6|font_size:30|text_align:left|line_height:%231a1a26&#8243; use_theme_fonts=&#8221;yes&#8221;]<div class=\"grve-element grve-box-icon grve-small grve-side-icon grve-align-left grve-animated-item grve-fade-in-right grve-duration-normal\" style=\"margin-bottom: 10px;\" data-delay=\"200\"><div class=\"grve-wrapper-icon grve-no-shape\" style=\"\"><i class=\"grve-text-primary-1 smp-icon-arrow-up-circle\"><\/i><\/div><div class=\"grve-box-content\">  <p class=\"\">Max. altezza di lavoro: <span style=\"color: #c83f27;\"> 22m <\/span><\/p><\/div><\/div><div class=\"grve-element grve-box-icon grve-small grve-side-icon grve-align-left grve-animated-item grve-fade-in-right grve-duration-normal\" style=\"margin-bottom: 10px;\" data-delay=\"200\"><div class=\"grve-wrapper-icon grve-no-shape\" style=\"\"><i class=\"grve-text-primary-1 smp-icon-arrow-down-circle\"><\/i><\/div><div class=\"grve-box-content\">  <p class=\"\">Lavoro in negativo: <span style=\"color: #c83f27;\"> -3m <\/span><\/p><\/div><\/div><div class=\"grve-element grve-box-icon grve-small grve-side-icon grve-align-left grve-animated-item grve-fade-in-right grve-duration-normal\" style=\"margin-bottom: 10px;\" data-delay=\"200\"><div class=\"grve-image-icon\"><img loading=\"lazy\" decoding=\"async\" width=\"394\" height=\"399\" src=\"https:\/\/www.celaplatforms.com\/wp-content\/uploads\/2023\/10\/up-over-1.png\" class=\"attachment-full size-full\" alt=\"\" srcset=\"https:\/\/www.celaplatforms.com\/wp-content\/uploads\/2023\/10\/up-over-1.png 394w, https:\/\/www.celaplatforms.com\/wp-content\/uploads\/2023\/10\/up-over-1-296x300.png 296w\" sizes=\"auto, (max-width: 394px) 100vw, 394px\" \/><\/div><div class=\"grve-box-content\">  <p class=\"\">Altezza di scavalco: <span style=\"color: #c83f27;\"> 14m <\/span><\/p><\/div><\/div><div class=\"grve-element grve-box-icon grve-small grve-side-icon grve-align-left grve-animated-item grve-fade-in-right grve-duration-normal\" style=\"margin-bottom: 20px;\" data-delay=\"200\"><div class=\"grve-image-icon\"><img loading=\"lazy\" decoding=\"async\" width=\"394\" height=\"399\" src=\"https:\/\/www.celaplatforms.com\/wp-content\/uploads\/2023\/10\/horizontal-outreach.png\" class=\"attachment-full size-full\" alt=\"\" srcset=\"https:\/\/www.celaplatforms.com\/wp-content\/uploads\/2023\/10\/horizontal-outreach.png 394w, https:\/\/www.celaplatforms.com\/wp-content\/uploads\/2023\/10\/horizontal-outreach-296x300.png 296w\" sizes=\"auto, (max-width: 394px) 100vw, 394px\" \/><\/div><div class=\"grve-box-content\">  <p class=\"\">Sbraccio laterale: <span style=\"color: #c83f27;\"> 9m <\/span><\/p><\/div><\/div><div class=\"grve-element grve-align-center\"><a href=\"https:\/\/www.celaplatforms.com\/it\/industry\/dt-trailer\/dt-trailer-22\/\" title=\"DT15 BLU\" class=\"grve-btn grve-btn-extrasmall grve-shadow-medium grve-extra-round grve-bg-primary-1 grve-bg-hover-primary-3\"><span>DT TRAILER 22<\/span><\/a><\/div>[\/vc_column_inner][vc_column_inner width=&#8221;1\/4&#8243; el_class=&#8221;box-prodotti&#8221;]<div class=\"grve-element grve-image grve-animated-item grve-duration-normal grve-fade-in-up grve-align-center\" style=\"margin-bottom: 25px;\" data-delay=\"200\">  <div class=\"grve-image-wrapper grve-shadow-medium grve-with-shadow\"><a href=\"https:\/\/www.celaplatforms.com\/it\/industry\/dt-trailer\/dt-trailer-25\/\" title=\"DT TRAILER 25\"><img loading=\"lazy\" decoding=\"async\" width=\"1280\" height=\"687\" src=\"https:\/\/www.celaplatforms.com\/wp-content\/uploads\/2024\/01\/DT25_trailer-1.jpg\" class=\"attachment-full size-full\" alt=\"\" srcset=\"https:\/\/www.celaplatforms.com\/wp-content\/uploads\/2024\/01\/DT25_trailer-1.jpg 1280w, https:\/\/www.celaplatforms.com\/wp-content\/uploads\/2024\/01\/DT25_trailer-1-300x161.jpg 300w, https:\/\/www.celaplatforms.com\/wp-content\/uploads\/2024\/01\/DT25_trailer-1-1024x550.jpg 1024w, https:\/\/www.celaplatforms.com\/wp-content\/uploads\/2024\/01\/DT25_trailer-1-768x412.jpg 768w\" sizes=\"auto, (max-width: 1280px) 100vw, 1280px\" \/><\/a>   <\/div><\/div>[vc_custom_heading text=&#8221;DT TRAILER 25&#8243; font_container=&#8221;tag:h6|font_size:30|text_align:left|line_height:%231a1a26&#8243; use_theme_fonts=&#8221;yes&#8221;]<div class=\"grve-element grve-box-icon grve-small grve-side-icon grve-align-left grve-animated-item grve-fade-in-right grve-duration-normal\" style=\"margin-bottom: 10px;\" data-delay=\"200\"><div class=\"grve-wrapper-icon grve-no-shape\" style=\"\"><i class=\"grve-text-primary-1 smp-icon-arrow-up-circle\"><\/i><\/div><div class=\"grve-box-content\">  <p class=\"\">Max. altezza di lavoro: <span style=\"color: #c83f27;\"> 25m <\/span><\/p><\/div><\/div><div class=\"grve-element grve-box-icon grve-small grve-side-icon grve-align-left grve-animated-item grve-fade-in-right grve-duration-normal\" style=\"margin-bottom: 10px;\" data-delay=\"200\"><div class=\"grve-wrapper-icon grve-no-shape\" style=\"\"><i class=\"grve-text-primary-1 smp-icon-arrow-down-circle\"><\/i><\/div><div class=\"grve-box-content\">  <p class=\"\">Lavoro in negativo: <span style=\"color: #c83f27;\"> -5m <\/span><\/p><\/div><\/div><div class=\"grve-element grve-box-icon grve-small grve-side-icon grve-align-left grve-animated-item grve-fade-in-right grve-duration-normal\" style=\"margin-bottom: 10px;\" data-delay=\"200\"><div class=\"grve-image-icon\"><img loading=\"lazy\" decoding=\"async\" width=\"394\" height=\"399\" src=\"https:\/\/www.celaplatforms.com\/wp-content\/uploads\/2023\/10\/up-over-1.png\" class=\"attachment-full size-full\" alt=\"\" srcset=\"https:\/\/www.celaplatforms.com\/wp-content\/uploads\/2023\/10\/up-over-1.png 394w, https:\/\/www.celaplatforms.com\/wp-content\/uploads\/2023\/10\/up-over-1-296x300.png 296w\" sizes=\"auto, (max-width: 394px) 100vw, 394px\" \/><\/div><div class=\"grve-box-content\">  <p class=\"\">Altezza di scavalco: <span style=\"color: #c83f27;\"> 14m <\/span><\/p><\/div><\/div><div class=\"grve-element grve-box-icon grve-small grve-side-icon grve-align-left grve-animated-item grve-fade-in-right grve-duration-normal\" style=\"margin-bottom: 20px;\" data-delay=\"200\"><div class=\"grve-image-icon\"><img loading=\"lazy\" decoding=\"async\" width=\"394\" height=\"399\" src=\"https:\/\/www.celaplatforms.com\/wp-content\/uploads\/2023\/10\/horizontal-outreach.png\" class=\"attachment-full size-full\" alt=\"\" srcset=\"https:\/\/www.celaplatforms.com\/wp-content\/uploads\/2023\/10\/horizontal-outreach.png 394w, https:\/\/www.celaplatforms.com\/wp-content\/uploads\/2023\/10\/horizontal-outreach-296x300.png 296w\" sizes=\"auto, (max-width: 394px) 100vw, 394px\" \/><\/div><div class=\"grve-box-content\">  <p class=\"\">Sbraccio laterale: <span style=\"color: #c83f27;\"> 12m <\/span><\/p><\/div><\/div><div class=\"grve-element grve-align-center\"><a href=\"https:\/\/www.celaplatforms.com\/it\/industry\/dt-trailer\/dt-trailer-25\/\" title=\"DT15 BLU\" class=\"grve-btn grve-btn-extrasmall grve-shadow-medium grve-extra-round grve-bg-primary-1 grve-bg-hover-primary-3\"><span>DT TRAILER 25<\/span><\/a><\/div>[\/vc_column_inner][\/vc_row_inner][\/vc_column][\/vc_row]<\/p>\n<\/div>","protected":false},"excerpt":{"rendered":"<p>[vc_row heading_color=&#8221;light&#8221; bg_type=&#8221;image&#8221; bg_image=&#8221;4929&#8243; bg_position=&#8221;left-center&#8221; color_overlay=&#8221;gradient&#8221; gradient_overlay_custom_1=&#8221;rgba(26,26,38,0.9)&#8221; gradient_overlay_custom_2=&#8221;rgba(26,26,38,0.05)&#8221; padding_top_multiplier=&#8221;6x&#8221; padding_bottom_multiplier=&#8221;3x&#8221; tablet_sm_visibility=&#8221;hide&#8221; mobile_visibility=&#8221;hide&#8221;][vc_column][vc_row_inner][vc_column_inner width=&#8221;1\/3&#8243;][\/vc_column_inner][vc_column_inner width=&#8221;1\/3&#8243;][\/vc_column_inner][vc_column_inner width=&#8221;1\/3&#8243;][\/vc_column_inner][\/vc_row_inner][vc_custom_heading source=&#8221;post_title&#8221; font_container=&#8221;tag:h1|font_size:70|text_align:left|line_height:1&#8243; use_theme_fonts=&#8221;yes&#8221;][\/vc_column][\/vc_row][vc_row heading_color=&#8221;light&#8221; bg_type=&#8221;color&#8221; padding_top_multiplier=&#8221;3x&#8221; padding_bottom_multiplier=&#8221;3x&#8221; desktop_visibility=&#8221;hide&#8221; tablet_visibility=&#8221;hide&#8221; bg_color=&#8221;#1a1a26&#8243;][vc_column][vc_custom_heading source=&#8221;post_title&#8221; font_container=&#8221;tag:h1|font_size:70|text_align:left|line_height:1&#8243; use_theme_fonts=&#8221;yes&#8221;][\/vc_column][\/vc_row][vc_row bg_type=&#8221;image&#8221; bg_image=&#8221;15&#8243; bg_image_type=&#8221;horizontal-parallax-lr&#8221; bg_image_size=&#8221;responsive&#8221; padding_bottom_multiplier=&#8221;3x&#8221; equal_column_height=&#8221;middle-content&#8221;][vc_column][vc_raw_html el_class=&#8221;breadcrumb-colore&#8221;]W3dwc2VvX2JyZWFkY3J1bWJd[\/vc_raw_html][vc_custom_heading text=&#8221;Le nostre piattaforme aeree trainabili, equipaggiate con il braccio DT (Doppio Telescopico), rappresentano una notevole fusione di versatilit\u00e0 e comodit\u00e0. [&hellip;]<\/p>\n","protected":false},"author":2,"featured_media":0,"parent":4213,"menu_order":0,"comment_status":"closed","ping_status":"closed","template":"","meta":{"footnotes":""},"class_list":["post-4222","page","type-page","status-publish","hentry"],"yoast_head":"<!-- This site is optimized with the Yoast SEO plugin v26.5 - https:\/\/yoast.com\/wordpress\/plugins\/seo\/ -->\n<title>DT Trailer - Cela<\/title>\n<meta name=\"description\" content=\"Le nostre piattaforme aeree trainabili Cela DT Trailer, equipaggiate con il braccio Doppio Telescopico, rappresentano una notevole fusione di versatilit\u00e0 e comodit\u00e0.\" \/>\n<meta name=\"robots\" content=\"index, follow, max-snippet:-1, max-image-preview:large, max-video-preview:-1\" \/>\n<link rel=\"canonical\" href=\"https:\/\/www.celaplatforms.com\/it\/industry\/dt-trailer\/\" \/>\n<meta property=\"og:locale\" content=\"it_IT\" \/>\n<meta property=\"og:type\" content=\"article\" \/>\n<meta property=\"og:title\" content=\"DT Trailer - Cela\" \/>\n<meta property=\"og:description\" content=\"Le nostre piattaforme aeree trainabili Cela DT Trailer, equipaggiate con il braccio Doppio Telescopico, rappresentano una notevole fusione di versatilit\u00e0 e comodit\u00e0.\" \/>\n<meta property=\"og:url\" content=\"https:\/\/www.celaplatforms.com\/it\/industry\/dt-trailer\/\" \/>\n<meta property=\"og:site_name\" content=\"Cela\" \/>\n<meta property=\"article:modified_time\" content=\"2024-01-15T09:58:48+00:00\" \/>\n<meta name=\"twitter:card\" content=\"summary_large_image\" \/>\n<meta name=\"twitter:label1\" content=\"Tempo di lettura stimato\" \/>\n\t<meta name=\"twitter:data1\" content=\"5 minuti\" \/>\n<script type=\"application\/ld+json\" class=\"yoast-schema-graph\">{\"@context\":\"https:\/\/schema.org\",\"@graph\":[{\"@type\":\"WebPage\",\"@id\":\"https:\/\/www.celaplatforms.com\/it\/industry\/dt-trailer\/\",\"url\":\"https:\/\/www.celaplatforms.com\/it\/industry\/dt-trailer\/\",\"name\":\"DT Trailer - Cela\",\"isPartOf\":{\"@id\":\"https:\/\/www.celaplatforms.com\/it\/#website\"},\"datePublished\":\"2023-08-14T14:33:02+00:00\",\"dateModified\":\"2024-01-15T09:58:48+00:00\",\"description\":\"Le nostre piattaforme aeree trainabili Cela DT Trailer, equipaggiate con il braccio Doppio Telescopico, rappresentano una notevole fusione di versatilit\u00e0 e comodit\u00e0.\",\"breadcrumb\":{\"@id\":\"https:\/\/www.celaplatforms.com\/it\/industry\/dt-trailer\/#breadcrumb\"},\"inLanguage\":\"it-IT\",\"potentialAction\":[{\"@type\":\"ReadAction\",\"target\":[\"https:\/\/www.celaplatforms.com\/it\/industry\/dt-trailer\/\"]}]},{\"@type\":\"BreadcrumbList\",\"@id\":\"https:\/\/www.celaplatforms.com\/it\/industry\/dt-trailer\/#breadcrumb\",\"itemListElement\":[{\"@type\":\"ListItem\",\"position\":1,\"name\":\"Home\",\"item\":\"https:\/\/www.celaplatforms.com\/it\/\"},{\"@type\":\"ListItem\",\"position\":2,\"name\":\"INDUSTRY\",\"item\":\"https:\/\/www.celaplatforms.com\/it\/industry\/\"},{\"@type\":\"ListItem\",\"position\":3,\"name\":\"DT Trailer\"}]},{\"@type\":\"WebSite\",\"@id\":\"https:\/\/www.celaplatforms.com\/it\/#website\",\"url\":\"https:\/\/www.celaplatforms.com\/it\/\",\"name\":\"Cela\",\"description\":\"Global supplier of aerial platforms\",\"publisher\":{\"@id\":\"https:\/\/www.celaplatforms.com\/it\/#organization\"},\"potentialAction\":[{\"@type\":\"SearchAction\",\"target\":{\"@type\":\"EntryPoint\",\"urlTemplate\":\"https:\/\/www.celaplatforms.com\/it\/?s={search_term_string}\"},\"query-input\":{\"@type\":\"PropertyValueSpecification\",\"valueRequired\":true,\"valueName\":\"search_term_string\"}}],\"inLanguage\":\"it-IT\"},{\"@type\":\"Organization\",\"@id\":\"https:\/\/www.celaplatforms.com\/it\/#organization\",\"name\":\"Cela Srl\",\"url\":\"https:\/\/www.celaplatforms.com\/it\/\",\"logo\":{\"@type\":\"ImageObject\",\"inLanguage\":\"it-IT\",\"@id\":\"https:\/\/www.celaplatforms.com\/it\/#\/schema\/logo\/image\/\",\"url\":\"https:\/\/1212.agency\/cela2\/wp-content\/uploads\/2023\/07\/CELA1.png\",\"contentUrl\":\"https:\/\/1212.agency\/cela2\/wp-content\/uploads\/2023\/07\/CELA1.png\",\"width\":4204,\"height\":689,\"caption\":\"Cela Srl\"},\"image\":{\"@id\":\"https:\/\/www.celaplatforms.com\/it\/#\/schema\/logo\/image\/\"}}]}<\/script>\n<!-- \/ Yoast SEO plugin. -->","yoast_head_json":{"title":"DT Trailer - Cela","description":"Le nostre piattaforme aeree trainabili Cela DT Trailer, equipaggiate con il braccio Doppio Telescopico, rappresentano una notevole fusione di versatilit\u00e0 e comodit\u00e0.","robots":{"index":"index","follow":"follow","max-snippet":"max-snippet:-1","max-image-preview":"max-image-preview:large","max-video-preview":"max-video-preview:-1"},"canonical":"https:\/\/www.celaplatforms.com\/it\/industry\/dt-trailer\/","og_locale":"it_IT","og_type":"article","og_title":"DT Trailer - Cela","og_description":"Le nostre piattaforme aeree trainabili Cela DT Trailer, equipaggiate con il braccio Doppio Telescopico, rappresentano una notevole fusione di versatilit\u00e0 e comodit\u00e0.","og_url":"https:\/\/www.celaplatforms.com\/it\/industry\/dt-trailer\/","og_site_name":"Cela","article_modified_time":"2024-01-15T09:58:48+00:00","twitter_card":"summary_large_image","twitter_misc":{"Tempo di lettura stimato":"5 minuti"},"schema":{"@context":"https:\/\/schema.org","@graph":[{"@type":"WebPage","@id":"https:\/\/www.celaplatforms.com\/it\/industry\/dt-trailer\/","url":"https:\/\/www.celaplatforms.com\/it\/industry\/dt-trailer\/","name":"DT Trailer - Cela","isPartOf":{"@id":"https:\/\/www.celaplatforms.com\/it\/#website"},"datePublished":"2023-08-14T14:33:02+00:00","dateModified":"2024-01-15T09:58:48+00:00","description":"Le nostre piattaforme aeree trainabili Cela DT Trailer, equipaggiate con il braccio Doppio Telescopico, rappresentano una notevole fusione di versatilit\u00e0 e comodit\u00e0.","breadcrumb":{"@id":"https:\/\/www.celaplatforms.com\/it\/industry\/dt-trailer\/#breadcrumb"},"inLanguage":"it-IT","potentialAction":[{"@type":"ReadAction","target":["https:\/\/www.celaplatforms.com\/it\/industry\/dt-trailer\/"]}]},{"@type":"BreadcrumbList","@id":"https:\/\/www.celaplatforms.com\/it\/industry\/dt-trailer\/#breadcrumb","itemListElement":[{"@type":"ListItem","position":1,"name":"Home","item":"https:\/\/www.celaplatforms.com\/it\/"},{"@type":"ListItem","position":2,"name":"INDUSTRY","item":"https:\/\/www.celaplatforms.com\/it\/industry\/"},{"@type":"ListItem","position":3,"name":"DT Trailer"}]},{"@type":"WebSite","@id":"https:\/\/www.celaplatforms.com\/it\/#website","url":"https:\/\/www.celaplatforms.com\/it\/","name":"Cela","description":"Global supplier of aerial platforms","publisher":{"@id":"https:\/\/www.celaplatforms.com\/it\/#organization"},"potentialAction":[{"@type":"SearchAction","target":{"@type":"EntryPoint","urlTemplate":"https:\/\/www.celaplatforms.com\/it\/?s={search_term_string}"},"query-input":{"@type":"PropertyValueSpecification","valueRequired":true,"valueName":"search_term_string"}}],"inLanguage":"it-IT"},{"@type":"Organization","@id":"https:\/\/www.celaplatforms.com\/it\/#organization","name":"Cela Srl","url":"https:\/\/www.celaplatforms.com\/it\/","logo":{"@type":"ImageObject","inLanguage":"it-IT","@id":"https:\/\/www.celaplatforms.com\/it\/#\/schema\/logo\/image\/","url":"https:\/\/1212.agency\/cela2\/wp-content\/uploads\/2023\/07\/CELA1.png","contentUrl":"https:\/\/1212.agency\/cela2\/wp-content\/uploads\/2023\/07\/CELA1.png","width":4204,"height":689,"caption":"Cela Srl"},"image":{"@id":"https:\/\/www.celaplatforms.com\/it\/#\/schema\/logo\/image\/"}}]}},"_links":{"self":[{"href":"https:\/\/www.celaplatforms.com\/it\/wp-json\/wp\/v2\/pages\/4222","targetHints":{"allow":["GET"]}}],"collection":[{"href":"https:\/\/www.celaplatforms.com\/it\/wp-json\/wp\/v2\/pages"}],"about":[{"href":"https:\/\/www.celaplatforms.com\/it\/wp-json\/wp\/v2\/types\/page"}],"author":[{"embeddable":true,"href":"https:\/\/www.celaplatforms.com\/it\/wp-json\/wp\/v2\/users\/2"}],"replies":[{"embeddable":true,"href":"https:\/\/www.celaplatforms.com\/it\/wp-json\/wp\/v2\/comments?post=4222"}],"version-history":[{"count":13,"href":"https:\/\/www.celaplatforms.com\/it\/wp-json\/wp\/v2\/pages\/4222\/revisions"}],"predecessor-version":[{"id":4934,"href":"https:\/\/www.celaplatforms.com\/it\/wp-json\/wp\/v2\/pages\/4222\/revisions\/4934"}],"up":[{"embeddable":true,"href":"https:\/\/www.celaplatforms.com\/it\/wp-json\/wp\/v2\/pages\/4213"}],"wp:attachment":[{"href":"https:\/\/www.celaplatforms.com\/it\/wp-json\/wp\/v2\/media?parent=4222"}],"curies":[{"name":"wp","href":"https:\/\/api.w.org\/{rel}","templated":true}]}}